{"id":8256,"date":"2023-01-03T08:39:56","date_gmt":"2023-01-03T06:39:56","guid":{"rendered":"https:\/\/v2.eagora.app\/manifest\/"},"modified":"2023-02-10T11:51:03","modified_gmt":"2023-02-10T09:51:03","slug":"manifest","status":"publish","type":"page","link":"https:\/\/www.eagora.app\/ca\/manifest\/","title":{"rendered":"Manifest"},"content":{"rendered":"\t\t<div data-elementor-type=\"wp-page\" data-elementor-id=\"8256\" class=\"elementor elementor-8256 elementor-3125\" data-elementor-post-type=\"page\">\n\t\t\t\t\t\t<section class=\"elementor-section elementor-top-section elementor-element elementor-element-bcc03c5 elementor-section-full_width elementor-section-height-default elementor-section-height-default\" data-id=\"bcc03c5\" data-element_type=\"section\" data-e-type=\"section\" data-settings=\"{&quot;background_background&quot;:&quot;classic&quot;}\">\n\t\t\t\t\t\t<div class=\"elementor-container elementor-column-gap-default\">\n\t\t\t\t\t<div class=\"elementor-column elementor-col-100 elementor-top-column elementor-element elementor-element-c7a3938\" data-id=\"c7a3938\" data-element_type=\"column\" data-e-type=\"column\">\n\t\t\t<div class=\"elementor-widget-wrap elementor-element-populated\">\n\t\t\t\t\t\t<div class=\"elementor-element elementor-element-3ad4d8c elementor-widget elementor-widget-heading\" data-id=\"3ad4d8c\" data-element_type=\"widget\" data-e-type=\"widget\" data-widget_type=\"heading.default\">\n\t\t\t\t<div class=\"elementor-widget-container\">\n\t\t\t\t\t<h2 class=\"elementor-heading-title elementor-size-default\">Manifest<\/h2>\t\t\t\t<\/div>\n\t\t\t\t<\/div>\n\t\t\t\t<div class=\"elementor-element elementor-element-f85544b elementor-widget elementor-widget-text-editor\" data-id=\"f85544b\" data-element_type=\"widget\" data-e-type=\"widget\" data-widget_type=\"text-editor.default\">\n\t\t\t\t<div class=\"elementor-widget-container\">\n\t\t\t\t\t\t\t\t\t<p><strong>\u00e1gora<\/strong> Del gr. <em>\u1f00\u03b3\u03bf\u03c1\u03ac<\/em> agor\u00e1.<\/p>\n<p><strong>1.<\/strong> f. A les antigues ciutats gregues, pla\u00e7a p\u00fablica.<br \/><strong>2.<\/strong> f. Assemblea celebrada en l&#8217;\u00e0gora.<br \/><strong>3.<\/strong> f. Lloc de reuni\u00f3 o discussi\u00f3.<\/p>\n\t\t\t\t\t\t\t\t<\/div>\n\t\t\t\t<\/div>\n\t\t\t\t\t<\/div>\n\t\t<\/div>\n\t\t\t\t\t<\/div>\n\t\t<\/section>\n\t\t\t\t<section class=\"elementor-section elementor-top-section elementor-element elementor-element-9398ca1 elementor-section-boxed elementor-section-height-default elementor-section-height-default\" data-id=\"9398ca1\" data-element_type=\"section\" data-e-type=\"section\">\n\t\t\t\t\t\t<div class=\"elementor-container elementor-column-gap-default\">\n\t\t\t\t\t<div class=\"elementor-column elementor-col-100 elementor-top-column elementor-element elementor-element-050d3e2\" data-id=\"050d3e2\" data-element_type=\"column\" data-e-type=\"column\">\n\t\t\t<div class=\"elementor-widget-wrap elementor-element-populated\">\n\t\t\t\t\t\t<div class=\"elementor-element elementor-element-98dce8d elementor-widget elementor-widget-breadcrumbs\" data-id=\"98dce8d\" data-element_type=\"widget\" data-e-type=\"widget\" data-widget_type=\"breadcrumbs.default\">\n\t\t\t\t<div class=\"elementor-widget-container\">\n\t\t\t\t\t<p id=\"breadcrumbs\"><span><span><a href=\"https:\/\/www.eagora.app\/ca\/\">Inicio<\/a><\/span><\/span><\/p>\t\t\t\t<\/div>\n\t\t\t\t<\/div>\n\t\t\t\t<section class=\"elementor-section elementor-inner-section elementor-element elementor-element-caab508 elementor-section-boxed elementor-section-height-default elementor-section-height-default\" data-id=\"caab508\" data-element_type=\"section\" data-e-type=\"section\">\n\t\t\t\t\t\t<div class=\"elementor-container elementor-column-gap-default\">\n\t\t\t\t\t<div class=\"elementor-column elementor-col-33 elementor-inner-column elementor-element elementor-element-32b697f\" data-id=\"32b697f\" data-element_type=\"column\" data-e-type=\"column\">\n\t\t\t<div class=\"elementor-widget-wrap\">\n\t\t\t\t\t\t\t<\/div>\n\t\t<\/div>\n\t\t\t\t<div class=\"elementor-column elementor-col-33 elementor-inner-column elementor-element elementor-element-b36cd77\" data-id=\"b36cd77\" data-element_type=\"column\" data-e-type=\"column\">\n\t\t\t<div class=\"elementor-widget-wrap elementor-element-populated\">\n\t\t\t\t\t\t<div class=\"elementor-element elementor-element-e7f119d elementor-widget elementor-widget-heading\" data-id=\"e7f119d\" data-element_type=\"widget\" data-e-type=\"widget\" data-widget_type=\"heading.default\">\n\t\t\t\t<div class=\"elementor-widget-container\">\n\t\t\t\t\t<h6 class=\"elementor-heading-title elementor-size-default\">UNA COMUNITAT GLOBAL QUE TRANSFORMA L'STATU QUO<\/h6>\t\t\t\t<\/div>\n\t\t\t\t<\/div>\n\t\t\t\t<div class=\"elementor-element elementor-element-b586550 elementor-widget elementor-widget-heading\" data-id=\"b586550\" data-element_type=\"widget\" data-e-type=\"widget\" data-widget_type=\"heading.default\">\n\t\t\t\t<div class=\"elementor-widget-container\">\n\t\t\t\t\t<h2 class=\"elementor-heading-title elementor-size-default\">Som un moviment i tu, <br>\nets la for\u00e7a que ho impulsa<\/h2>\t\t\t\t<\/div>\n\t\t\t\t<\/div>\n\t\t\t\t<div class=\"elementor-element elementor-element-c549cc0 elementor-widget-divider--view-line elementor-widget elementor-widget-divider\" data-id=\"c549cc0\" data-element_type=\"widget\" data-e-type=\"widget\" data-widget_type=\"divider.default\">\n\t\t\t\t<div class=\"elementor-widget-container\">\n\t\t\t\t\t\t\t<div class=\"elementor-divider\">\n\t\t\t<span class=\"elementor-divider-separator\">\n\t\t\t\t\t\t<\/span>\n\t\t<\/div>\n\t\t\t\t\t\t<\/div>\n\t\t\t\t<\/div>\n\t\t\t\t<div class=\"elementor-element elementor-element-b8f72e9 elementor-widget elementor-widget-heading\" data-id=\"b8f72e9\" data-element_type=\"widget\" data-e-type=\"widget\" data-widget_type=\"heading.default\">\n\t\t\t\t<div class=\"elementor-widget-container\">\n\t\t\t\t\t<h4 class=\"elementor-heading-title elementor-size-default\">01. Fem projecte de comunitat.<\/h4>\t\t\t\t<\/div>\n\t\t\t\t<\/div>\n\t\t\t\t<div class=\"elementor-element elementor-element-c0321d3 elementor-widget elementor-widget-text-editor\" data-id=\"c0321d3\" data-element_type=\"widget\" data-e-type=\"widget\" data-widget_type=\"text-editor.default\">\n\t\t\t\t<div class=\"elementor-widget-container\">\n\t\t\t\t\t\t\t\t\t<p>Som una plataforma democr\u00e0tica en la qual no sols oferim participaci\u00f3 i governan\u00e7a, sin\u00f3 que li fem la vida m\u00e9s f\u00e0cil a les persones. El nostre projecte \u00e9s de comunitat. Creiem i apostem pel millor per al territori, protegint la sobirania de les comunitats.<\/p>\n\t\t\t\t\t\t\t\t<\/div>\n\t\t\t\t<\/div>\n\t\t\t\t<div class=\"elementor-element elementor-element-e637784 elementor-widget elementor-widget-heading\" data-id=\"e637784\" data-element_type=\"widget\" data-e-type=\"widget\" data-widget_type=\"heading.default\">\n\t\t\t\t<div class=\"elementor-widget-container\">\n\t\t\t\t\t<h4 class=\"elementor-heading-title elementor-size-default\">02. Creiem que el futur de les comunitats ser\u00e0 conscient o no ser\u00e0.<\/h4>\t\t\t\t<\/div>\n\t\t\t\t<\/div>\n\t\t\t\t<div class=\"elementor-element elementor-element-e19f710 elementor-widget elementor-widget-text-editor\" data-id=\"e19f710\" data-element_type=\"widget\" data-e-type=\"widget\" data-widget_type=\"text-editor.default\">\n\t\t\t\t<div class=\"elementor-widget-container\">\n\t\t\t\t\t\t\t\t\t<p>Els problemes actuals requereixen un canvi. Ens movem cap a una direcci\u00f3 clara: un planeta sostenible, un m\u00f3n just, solidari i equitatiu. Un canvi profund, que faciliti una millora social, del pa\u00eds i del m\u00f3n. Un canvi en la manera de relacionar-nos amb les entitats (administraci\u00f3, ONGs, universitats, AMPA, associacions de ve\u00efns\u2026) i les persones.<\/p>\n\t\t\t\t\t\t\t\t<\/div>\n\t\t\t\t<\/div>\n\t\t\t\t<div class=\"elementor-element elementor-element-7f4ad9c elementor-widget elementor-widget-heading\" data-id=\"7f4ad9c\" data-element_type=\"widget\" data-e-type=\"widget\" data-widget_type=\"heading.default\">\n\t\t\t\t<div class=\"elementor-widget-container\">\n\t\t\t\t\t<h4 class=\"elementor-heading-title elementor-size-default\">03. Creiem en el di\u00e0leg i el respecte com a motor de desenvolupament social.<\/h4>\t\t\t\t<\/div>\n\t\t\t\t<\/div>\n\t\t\t\t<div class=\"elementor-element elementor-element-34d4f80 elementor-widget elementor-widget-text-editor\" data-id=\"34d4f80\" data-element_type=\"widget\" data-e-type=\"widget\" data-widget_type=\"text-editor.default\">\n\t\t\t\t<div class=\"elementor-widget-container\">\n\t\t\t\t\t\t\t\t\t<p>Creem una comunitat local en la qual les entitats s\u00f3n inclusives i no actuen com un ens a part. Oferim una plataforma amb la qual facilitem la implicaci\u00f3 i connexi\u00f3 amb les persones i fomentem una comunicaci\u00f3 positiva i constructiva.<\/p>\n\t\t\t\t\t\t\t\t<\/div>\n\t\t\t\t<\/div>\n\t\t\t\t<div class=\"elementor-element elementor-element-6bb0099 elementor-widget elementor-widget-heading\" data-id=\"6bb0099\" data-element_type=\"widget\" data-e-type=\"widget\" data-widget_type=\"heading.default\">\n\t\t\t\t<div class=\"elementor-widget-container\">\n\t\t\t\t\t<h4 class=\"elementor-heading-title elementor-size-default\">04. Generem el context perqu\u00e8 el canvi succeeixi.<\/h4>\t\t\t\t<\/div>\n\t\t\t\t<\/div>\n\t\t\t\t<div class=\"elementor-element elementor-element-33eb97b elementor-widget elementor-widget-text-editor\" data-id=\"33eb97b\" data-element_type=\"widget\" data-e-type=\"widget\" data-widget_type=\"text-editor.default\">\n\t\t\t\t<div class=\"elementor-widget-container\">\n\t\t\t\t\t\t\t\t\t<p>Som el facilitador cap al nou m\u00f3n que ve. Volem ser una \u00e0gora que li faci la vida m\u00e9s f\u00e0cil a les persones. Li oferim acc\u00e9s a les entitats a trav\u00e9s de la democratitzaci\u00f3 de la informaci\u00f3 i l&#8217;optimitzaci\u00f3 de la gesti\u00f3.<\/p>\n\t\t\t\t\t\t\t\t<\/div>\n\t\t\t\t<\/div>\n\t\t\t\t<div class=\"elementor-element elementor-element-09b1e56 elementor-widget elementor-widget-heading\" data-id=\"09b1e56\" data-element_type=\"widget\" data-e-type=\"widget\" data-widget_type=\"heading.default\">\n\t\t\t\t<div class=\"elementor-widget-container\">\n\t\t\t\t\t<h4 class=\"elementor-heading-title elementor-size-default\">05. La suma de les parts \u00e9s m\u00e9s que les parts per separat.<\/h4>\t\t\t\t<\/div>\n\t\t\t\t<\/div>\n\t\t\t\t<div class=\"elementor-element elementor-element-bcd6615 elementor-widget elementor-widget-text-editor\" data-id=\"bcd6615\" data-element_type=\"widget\" data-e-type=\"widget\" data-widget_type=\"text-editor.default\">\n\t\t\t\t<div class=\"elementor-widget-container\">\n\t\t\t\t\t\t\t\t\t<p>Ens uneix la mentalitat de construir un m\u00f3n millor a trav\u00e9s de la implicaci\u00f3 de les persones. Creiem fermament que no t\u00e9 sentit caminar sols. Busquem un entorn en el qual puguem generar sinergies, posar-nos en valor m\u00fatuament i fomentar l&#8217;efecte xarxa. En definitiva: generar una tribu.<\/p>\n\t\t\t\t\t\t\t\t<\/div>\n\t\t\t\t<\/div>\n\t\t\t\t<div class=\"elementor-element elementor-element-0e78109 elementor-widget elementor-widget-heading\" data-id=\"0e78109\" data-element_type=\"widget\" data-e-type=\"widget\" data-widget_type=\"heading.default\">\n\t\t\t\t<div class=\"elementor-widget-container\">\n\t\t\t\t\t<h4 class=\"elementor-heading-title elementor-size-default\">06. Preferim fer i dir que dir i fer: parlem amb fets.<\/h4>\t\t\t\t<\/div>\n\t\t\t\t<\/div>\n\t\t\t\t<div class=\"elementor-element elementor-element-e43bb6b elementor-widget elementor-widget-text-editor\" data-id=\"e43bb6b\" data-element_type=\"widget\" data-e-type=\"widget\" data-widget_type=\"text-editor.default\">\n\t\t\t\t<div class=\"elementor-widget-container\">\n\t\t\t\t\t\t\t\t\t<p>La nostra plataforma millora dia a dia gr\u00e0cies a les persones. No ens quedem nom\u00e9s en el com ho farem. El nostre objectiu final \u00e9s generar impacte a trav\u00e9s de les nostres accions, mirant sempre cap al futur.<\/p>\n\t\t\t\t\t\t\t\t<\/div>\n\t\t\t\t<\/div>\n\t\t\t\t<div class=\"elementor-element elementor-element-568cd93 elementor-widget elementor-widget-heading\" data-id=\"568cd93\" data-element_type=\"widget\" data-e-type=\"widget\" data-widget_type=\"heading.default\">\n\t\t\t\t<div class=\"elementor-widget-container\">\n\t\t\t\t\t<h4 class=\"elementor-heading-title elementor-size-default\">07. La teva informaci\u00f3 est\u00e0 protegida i serveix per a fer el b\u00e9.<\/h4>\t\t\t\t<\/div>\n\t\t\t\t<\/div>\n\t\t\t\t<div class=\"elementor-element elementor-element-5d7faef elementor-widget elementor-widget-text-editor\" data-id=\"5d7faef\" data-element_type=\"widget\" data-e-type=\"widget\" data-widget_type=\"text-editor.default\">\n\t\t\t\t<div class=\"elementor-widget-container\">\n\t\t\t\t\t\t\t\t\t<p>Ens mou una convicci\u00f3: assegurar en tot moment la informaci\u00f3 de les persones. Posem la tecnologia a favor de les persones a trav\u00e9s d&#8217;un \u00fas \u00e8tic i confidencial. A la nostra base est\u00e0 la comunitat. Per aix\u00f2, protegim la identitat de tots els individus.<\/p>\n\t\t\t\t\t\t\t\t<\/div>\n\t\t\t\t<\/div>\n\t\t\t\t<div class=\"elementor-element elementor-element-ac74792 elementor-widget elementor-widget-heading\" data-id=\"ac74792\" data-element_type=\"widget\" data-e-type=\"widget\" data-widget_type=\"heading.default\">\n\t\t\t\t<div class=\"elementor-widget-container\">\n\t\t\t\t\t<h4 class=\"elementor-heading-title elementor-size-default\">08. Per a millorar el m\u00f3n hem de comen\u00e7ar per nosaltres mateixos.<\/h4>\t\t\t\t<\/div>\n\t\t\t\t<\/div>\n\t\t\t\t<div class=\"elementor-element elementor-element-7c7c4bf elementor-widget elementor-widget-text-editor\" data-id=\"7c7c4bf\" data-element_type=\"widget\" data-e-type=\"widget\" data-widget_type=\"text-editor.default\">\n\t\t\t\t<div class=\"elementor-widget-container\">\n\t\t\t\t\t\t\t\t\t<p>Volem dur a terme un canvi de paradigma, aconseguir un m\u00f3n implicat en les seves comunitats, transformar la manera de veure les coses&#8230; Per a aix\u00f2, \u00e9s necessari comen\u00e7ar per un canvi en la consci\u00e8ncia de les persones, la veritable arrel de tota acci\u00f3 sostenible. Canviem les consci\u00e8ncies i canviarem el m\u00f3n.<\/p>\n\t\t\t\t\t\t\t\t<\/div>\n\t\t\t\t<\/div>\n\t\t\t\t<div class=\"elementor-element elementor-element-674612c elementor-widget elementor-widget-heading\" data-id=\"674612c\" data-element_type=\"widget\" data-e-type=\"widget\" data-widget_type=\"heading.default\">\n\t\t\t\t<div class=\"elementor-widget-container\">\n\t\t\t\t\t<h4 class=\"elementor-heading-title elementor-size-default\">09. Continuarem sent com som encara que creixem m\u00e9s.<\/h4>\t\t\t\t<\/div>\n\t\t\t\t<\/div>\n\t\t\t\t<div class=\"elementor-element elementor-element-6a61093 elementor-widget elementor-widget-text-editor\" data-id=\"6a61093\" data-element_type=\"widget\" data-e-type=\"widget\" data-widget_type=\"text-editor.default\">\n\t\t\t\t<div class=\"elementor-widget-container\">\n\t\t\t\t\t\t\t\t\t<p>Continuarem mantenint la nostra ess\u00e8ncia encara que ens expandim. Som fidels als nostres valors, als qui som i mai perdrem els nostres atributs genu\u00efns: som senzills, socials, naturals, accessibles, humans i democr\u00e0tics.<\/p>\n\t\t\t\t\t\t\t\t<\/div>\n\t\t\t\t<\/div>\n\t\t\t\t<div class=\"elementor-element elementor-element-2a6f88e elementor-widget elementor-widget-heading\" data-id=\"2a6f88e\" data-element_type=\"widget\" data-e-type=\"widget\" data-widget_type=\"heading.default\">\n\t\t\t\t<div class=\"elementor-widget-container\">\n\t\t\t\t\t<h4 class=\"elementor-heading-title elementor-size-default\">10. Competim contra mentalitats tancades, no contra empreses.<\/h4>\t\t\t\t<\/div>\n\t\t\t\t<\/div>\n\t\t\t\t<div class=\"elementor-element elementor-element-3676312 elementor-widget elementor-widget-text-editor\" data-id=\"3676312\" data-element_type=\"widget\" data-e-type=\"widget\" data-widget_type=\"text-editor.default\">\n\t\t\t\t<div class=\"elementor-widget-container\">\n\t\t\t\t\t\t\t\t\t<p>El nostre major obstacle s\u00f3n les persones i entitats que no creuen en la implicaci\u00f3 per a aconseguir un canvi profund i que no comparteixen la nostra visi\u00f3 de projecte.<\/p>\n\t\t\t\t\t\t\t\t<\/div>\n\t\t\t\t<\/div>\n\t\t\t\t\t<\/div>\n\t\t<\/div>\n\t\t\t\t<div class=\"elementor-column elementor-col-33 elementor-inner-column elementor-element elementor-element-91f72af\" data-id=\"91f72af\" data-element_type=\"column\" data-e-type=\"column\">\n\t\t\t<div class=\"elementor-widget-wrap\">\n\t\t\t\t\t\t\t<\/div>\n\t\t<\/div>\n\t\t\t\t\t<\/div>\n\t\t<\/section>\n\t\t\t\t\t<\/div>\n\t\t<\/div>\n\t\t\t\t\t<\/div>\n\t\t<\/section>\n\t\t\t\t<\/div>\n\t\t","protected":false},"excerpt":{"rendered":"<p>Manifest \u00e1gora Del gr. \u1f00\u03b3\u03bf\u03c1\u03ac agor\u00e1. 1. f. A les antigues ciutats gregues, pla\u00e7a p\u00fablica.2. f. Assemblea celebrada en l&#8217;\u00e0gora.3. f. Lloc de reuni\u00f3 o discussi\u00f3. UNA COMUNITAT GLOBAL QUE TRANSFORMA L&#8217;STATU QUO Som un moviment i tu, ets la for\u00e7a que ho impulsa 01. Fem projecte de comunitat. Som una plataforma democr\u00e0tica en la [&hellip;]<\/p>\n","protected":false},"author":1,"featured_media":0,"parent":0,"menu_order":0,"comment_status":"closed","ping_status":"closed","template":"","meta":{"content-type":"","_joinchat":[],"footnotes":""},"class_list":["post-8256","page","type-page","status-publish","hentry"],"yoast_head":"<!-- This site is optimized with the Yoast SEO Premium plugin v27.0 (Yoast SEO v27.0) - https:\/\/yoast.com\/product\/yoast-seo-premium-wordpress\/ -->\n<title>Manifest - eAgora<\/title>\n<meta name=\"robots\" content=\"index, follow, max-snippet:-1, max-image-preview:large, max-video-preview:-1\" \/>\n<link rel=\"canonical\" href=\"https:\/\/www.eagora.app\/ca\/manifest\/\" \/>\n<meta property=\"og:locale\" content=\"ca_ES\" \/>\n<meta property=\"og:type\" content=\"article\" \/>\n<meta property=\"og:title\" content=\"Manifest\" \/>\n<meta property=\"og:description\" content=\"Manifest \u00e1gora Del gr. \u1f00\u03b3\u03bf\u03c1\u03ac agor\u00e1. 1. f. A les antigues ciutats gregues, pla\u00e7a p\u00fablica.2. f. Assemblea celebrada en l&#8217;\u00e0gora.3. f. Lloc de reuni\u00f3 o discussi\u00f3. UNA COMUNITAT GLOBAL QUE TRANSFORMA L&#8217;STATU QUO Som un moviment i tu, ets la for\u00e7a que ho impulsa 01. Fem projecte de comunitat. Som una plataforma democr\u00e0tica en la [&hellip;]\" \/>\n<meta property=\"og:url\" content=\"https:\/\/www.eagora.app\/ca\/manifest\/\" \/>\n<meta property=\"og:site_name\" content=\"eAgora\" \/>\n<meta property=\"article:publisher\" content=\"https:\/\/www.facebook.com\/eAgoraApp\" \/>\n<meta property=\"article:modified_time\" content=\"2023-02-10T09:51:03+00:00\" \/>\n<meta name=\"twitter:card\" content=\"summary_large_image\" \/>\n<meta name=\"twitter:site\" content=\"@EagoraApp\" \/>\n<meta name=\"twitter:label1\" content=\"Temps estimat de lectura\" \/>\n\t<meta name=\"twitter:data1\" content=\"3 minuts\" \/>\n<script type=\"application\/ld+json\" class=\"yoast-schema-graph\">{\"@context\":\"https:\/\/schema.org\",\"@graph\":[{\"@type\":\"WebPage\",\"@id\":\"https:\/\/www.eagora.app\/ca\/manifest\/\",\"url\":\"https:\/\/www.eagora.app\/ca\/manifest\/\",\"name\":\"Manifest - eAgora\",\"isPartOf\":{\"@id\":\"https:\/\/www.eagora.app\/ca\/#website\"},\"datePublished\":\"2023-01-03T06:39:56+00:00\",\"dateModified\":\"2023-02-10T09:51:03+00:00\",\"breadcrumb\":{\"@id\":\"https:\/\/www.eagora.app\/ca\/manifest\/#breadcrumb\"},\"inLanguage\":\"ca\",\"potentialAction\":[{\"@type\":\"ReadAction\",\"target\":[\"https:\/\/www.eagora.app\/ca\/manifest\/\"]}]},{\"@type\":\"BreadcrumbList\",\"@id\":\"https:\/\/www.eagora.app\/ca\/manifest\/#breadcrumb\",\"itemListElement\":[{\"@type\":\"ListItem\",\"position\":1,\"name\":\"Inicio\",\"item\":\"https:\/\/www.eagora.app\/ca\/\"},{\"@type\":\"ListItem\",\"position\":2,\"name\":\"Manifest\"}]},{\"@type\":\"WebSite\",\"@id\":\"https:\/\/www.eagora.app\/ca\/#website\",\"url\":\"https:\/\/www.eagora.app\/ca\/\",\"name\":\"eAgora\",\"description\":\"La plataforma que nos conecta\",\"publisher\":{\"@id\":\"https:\/\/www.eagora.app\/ca\/#organization\"},\"potentialAction\":[{\"@type\":\"SearchAction\",\"target\":{\"@type\":\"EntryPoint\",\"urlTemplate\":\"https:\/\/www.eagora.app\/ca\/?s={search_term_string}\"},\"query-input\":{\"@type\":\"PropertyValueSpecification\",\"valueRequired\":true,\"valueName\":\"search_term_string\"}}],\"inLanguage\":\"ca\"},{\"@type\":\"Organization\",\"@id\":\"https:\/\/www.eagora.app\/ca\/#organization\",\"name\":\"eAgora\",\"url\":\"https:\/\/www.eagora.app\/ca\/\",\"logo\":{\"@type\":\"ImageObject\",\"inLanguage\":\"ca\",\"@id\":\"https:\/\/www.eagora.app\/ca\/#\/schema\/logo\/image\/\",\"url\":\"https:\/\/www.eagora.app\/wp-content\/uploads\/2023\/02\/logo-eagora-emails.jpg\",\"contentUrl\":\"https:\/\/www.eagora.app\/wp-content\/uploads\/2023\/02\/logo-eagora-emails.jpg\",\"width\":550,\"height\":146,\"caption\":\"eAgora\"},\"image\":{\"@id\":\"https:\/\/www.eagora.app\/ca\/#\/schema\/logo\/image\/\"},\"sameAs\":[\"https:\/\/www.facebook.com\/eAgoraApp\",\"https:\/\/x.com\/EagoraApp\",\"https:\/\/www.instagram.com\/eagora.app\/\",\"https:\/\/www.linkedin.com\/company\/eagora\",\"https:\/\/www.youtube.com\/@eAgoraApp\"]}]}<\/script>\n<!-- \/ Yoast SEO Premium plugin. -->","yoast_head_json":{"title":"Manifest - eAgora","robots":{"index":"index","follow":"follow","max-snippet":"max-snippet:-1","max-image-preview":"max-image-preview:large","max-video-preview":"max-video-preview:-1"},"canonical":"https:\/\/www.eagora.app\/ca\/manifest\/","og_locale":"ca_ES","og_type":"article","og_title":"Manifest","og_description":"Manifest \u00e1gora Del gr. \u1f00\u03b3\u03bf\u03c1\u03ac agor\u00e1. 1. f. A les antigues ciutats gregues, pla\u00e7a p\u00fablica.2. f. Assemblea celebrada en l&#8217;\u00e0gora.3. f. Lloc de reuni\u00f3 o discussi\u00f3. UNA COMUNITAT GLOBAL QUE TRANSFORMA L&#8217;STATU QUO Som un moviment i tu, ets la for\u00e7a que ho impulsa 01. Fem projecte de comunitat. Som una plataforma democr\u00e0tica en la [&hellip;]","og_url":"https:\/\/www.eagora.app\/ca\/manifest\/","og_site_name":"eAgora","article_publisher":"https:\/\/www.facebook.com\/eAgoraApp","article_modified_time":"2023-02-10T09:51:03+00:00","twitter_card":"summary_large_image","twitter_site":"@EagoraApp","twitter_misc":{"Temps estimat de lectura":"3 minuts"},"schema":{"@context":"https:\/\/schema.org","@graph":[{"@type":"WebPage","@id":"https:\/\/www.eagora.app\/ca\/manifest\/","url":"https:\/\/www.eagora.app\/ca\/manifest\/","name":"Manifest - eAgora","isPartOf":{"@id":"https:\/\/www.eagora.app\/ca\/#website"},"datePublished":"2023-01-03T06:39:56+00:00","dateModified":"2023-02-10T09:51:03+00:00","breadcrumb":{"@id":"https:\/\/www.eagora.app\/ca\/manifest\/#breadcrumb"},"inLanguage":"ca","potentialAction":[{"@type":"ReadAction","target":["https:\/\/www.eagora.app\/ca\/manifest\/"]}]},{"@type":"BreadcrumbList","@id":"https:\/\/www.eagora.app\/ca\/manifest\/#breadcrumb","itemListElement":[{"@type":"ListItem","position":1,"name":"Inicio","item":"https:\/\/www.eagora.app\/ca\/"},{"@type":"ListItem","position":2,"name":"Manifest"}]},{"@type":"WebSite","@id":"https:\/\/www.eagora.app\/ca\/#website","url":"https:\/\/www.eagora.app\/ca\/","name":"eAgora","description":"La plataforma que nos conecta","publisher":{"@id":"https:\/\/www.eagora.app\/ca\/#organization"},"potentialAction":[{"@type":"SearchAction","target":{"@type":"EntryPoint","urlTemplate":"https:\/\/www.eagora.app\/ca\/?s={search_term_string}"},"query-input":{"@type":"PropertyValueSpecification","valueRequired":true,"valueName":"search_term_string"}}],"inLanguage":"ca"},{"@type":"Organization","@id":"https:\/\/www.eagora.app\/ca\/#organization","name":"eAgora","url":"https:\/\/www.eagora.app\/ca\/","logo":{"@type":"ImageObject","inLanguage":"ca","@id":"https:\/\/www.eagora.app\/ca\/#\/schema\/logo\/image\/","url":"https:\/\/www.eagora.app\/wp-content\/uploads\/2023\/02\/logo-eagora-emails.jpg","contentUrl":"https:\/\/www.eagora.app\/wp-content\/uploads\/2023\/02\/logo-eagora-emails.jpg","width":550,"height":146,"caption":"eAgora"},"image":{"@id":"https:\/\/www.eagora.app\/ca\/#\/schema\/logo\/image\/"},"sameAs":["https:\/\/www.facebook.com\/eAgoraApp","https:\/\/x.com\/EagoraApp","https:\/\/www.instagram.com\/eagora.app\/","https:\/\/www.linkedin.com\/company\/eagora","https:\/\/www.youtube.com\/@eAgoraApp"]}]}},"jetpack_sharing_enabled":true,"_links":{"self":[{"href":"https:\/\/www.eagora.app\/ca\/wp-json\/wp\/v2\/pages\/8256","targetHints":{"allow":["GET"]}}],"collection":[{"href":"https:\/\/www.eagora.app\/ca\/wp-json\/wp\/v2\/pages"}],"about":[{"href":"https:\/\/www.eagora.app\/ca\/wp-json\/wp\/v2\/types\/page"}],"author":[{"embeddable":true,"href":"https:\/\/www.eagora.app\/ca\/wp-json\/wp\/v2\/users\/1"}],"replies":[{"embeddable":true,"href":"https:\/\/www.eagora.app\/ca\/wp-json\/wp\/v2\/comments?post=8256"}],"version-history":[{"count":0,"href":"https:\/\/www.eagora.app\/ca\/wp-json\/wp\/v2\/pages\/8256\/revisions"}],"wp:attachment":[{"href":"https:\/\/www.eagora.app\/ca\/wp-json\/wp\/v2\/media?parent=8256"}],"curies":[{"name":"wp","href":"https:\/\/api.w.org\/{rel}","templated":true}]}}