{"id":8124,"date":"2023-01-03T08:39:56","date_gmt":"2023-01-03T06:39:56","guid":{"rendered":"https:\/\/v2.eagora.app\/contacte\/"},"modified":"2023-02-09T12:09:22","modified_gmt":"2023-02-09T10:09:22","slug":"contacte","status":"publish","type":"page","link":"https:\/\/www.eagora.app\/ca\/contacte\/","title":{"rendered":"Contacte"},"content":{"rendered":"\t\t<div data-elementor-type=\"wp-page\" data-elementor-id=\"8124\" class=\"elementor elementor-8124 elementor-1421\" data-elementor-post-type=\"page\">\n\t\t\t\t\t\t<section class=\"elementor-section elementor-top-section elementor-element elementor-element-bcc03c5 elementor-section-full_width elementor-section-height-default elementor-section-height-default\" data-id=\"bcc03c5\" data-element_type=\"section\" data-e-type=\"section\" data-settings=\"{&quot;background_background&quot;:&quot;classic&quot;}\">\n\t\t\t\t\t\t<div class=\"elementor-container elementor-column-gap-default\">\n\t\t\t\t\t<div class=\"elementor-column elementor-col-100 elementor-top-column elementor-element elementor-element-c7a3938\" data-id=\"c7a3938\" data-element_type=\"column\" data-e-type=\"column\">\n\t\t\t<div class=\"elementor-widget-wrap elementor-element-populated\">\n\t\t\t\t\t\t<div class=\"elementor-element elementor-element-3ad4d8c elementor-widget elementor-widget-heading\" data-id=\"3ad4d8c\" data-element_type=\"widget\" data-e-type=\"widget\" data-widget_type=\"heading.default\">\n\t\t\t\t<div class=\"elementor-widget-container\">\n\t\t\t\t\t<h2 class=\"elementor-heading-title elementor-size-default\">Contacte<\/h2>\t\t\t\t<\/div>\n\t\t\t\t<\/div>\n\t\t\t\t<div class=\"elementor-element elementor-element-f85544b elementor-widget elementor-widget-text-editor\" data-id=\"f85544b\" data-element_type=\"widget\" data-e-type=\"widget\" data-widget_type=\"text-editor.default\">\n\t\t\t\t<div class=\"elementor-widget-container\">\n\t\t\t\t\t\t\t\t\t<p>Tots els camins condueixen a Roma? Pot ser&#8230;<br \/>Per\u00f2 som m\u00e9s d&#8217;Atenes \ud83d\ude09 i la nostra \u00c0gora est\u00e0 oberta 24\/7 per a tu. <br \/>Tria el teu canal preferit per a iniciar el di\u00e0leg.<\/p>\n\t\t\t\t\t\t\t\t<\/div>\n\t\t\t\t<\/div>\n\t\t\t\t\t<\/div>\n\t\t<\/div>\n\t\t\t\t\t<\/div>\n\t\t<\/section>\n\t\t\t\t<section class=\"elementor-section elementor-top-section elementor-element elementor-element-9398ca1 elementor-section-boxed elementor-section-height-default elementor-section-height-default\" data-id=\"9398ca1\" data-element_type=\"section\" data-e-type=\"section\">\n\t\t\t\t\t\t<div class=\"elementor-container elementor-column-gap-default\">\n\t\t\t\t\t<div class=\"elementor-column elementor-col-100 elementor-top-column elementor-element elementor-element-050d3e2\" data-id=\"050d3e2\" data-element_type=\"column\" data-e-type=\"column\">\n\t\t\t<div class=\"elementor-widget-wrap elementor-element-populated\">\n\t\t\t\t\t\t<div class=\"elementor-element elementor-element-98dce8d elementor-widget elementor-widget-breadcrumbs\" data-id=\"98dce8d\" data-element_type=\"widget\" data-e-type=\"widget\" data-widget_type=\"breadcrumbs.default\">\n\t\t\t\t<div class=\"elementor-widget-container\">\n\t\t\t\t\t<p id=\"breadcrumbs\"><span><span><a href=\"https:\/\/www.eagora.app\/ca\/\">Inicio<\/a><\/span><\/span><\/p>\t\t\t\t<\/div>\n\t\t\t\t<\/div>\n\t\t\t\t<section class=\"elementor-section elementor-inner-section elementor-element elementor-element-caab508 elementor-section-boxed elementor-section-height-default elementor-section-height-default\" data-id=\"caab508\" data-element_type=\"section\" data-e-type=\"section\">\n\t\t\t\t\t\t<div class=\"elementor-container elementor-column-gap-default\">\n\t\t\t\t\t<div class=\"elementor-column elementor-col-50 elementor-inner-column elementor-element elementor-element-dea4ea0\" data-id=\"dea4ea0\" data-element_type=\"column\" data-e-type=\"column\">\n\t\t\t<div class=\"elementor-widget-wrap elementor-element-populated\">\n\t\t\t\t\t\t<div class=\"elementor-element elementor-element-69840d4 elementor-widget elementor-widget-heading\" data-id=\"69840d4\" data-element_type=\"widget\" data-e-type=\"widget\" data-widget_type=\"heading.default\">\n\t\t\t\t<div class=\"elementor-widget-container\">\n\t\t\t\t\t<h5 class=\"elementor-heading-title elementor-size-default\">Vies de comunicaci\u00f3<\/h5>\t\t\t\t<\/div>\n\t\t\t\t<\/div>\n\t\t\t\t<div class=\"elementor-element elementor-element-9b4d257 elementor-widget elementor-widget-text-editor\" data-id=\"9b4d257\" data-element_type=\"widget\" data-e-type=\"widget\" data-widget_type=\"text-editor.default\">\n\t\t\t\t<div class=\"elementor-widget-container\">\n\t\t\t\t\t\t\t\t\t<p>Som com molt virtuals, per\u00f2 s\u00ed, <br \/>tenim la nostra pr\u00f2pia \u00c0gora:<\/p>\n<p><strong>Edifici Tecnoparc &#8211; Redessa<\/strong><br \/><strong>Av. de Bellissens 42<\/strong><br \/><strong>43204 Reus &#8211; Tarragona &#8211; Spain<\/strong><\/p>\n<p><strong>hola@eagora.app<\/strong><\/p>\n<p><strong>Tel: +34 937 371 513<\/strong><\/p>\n\t\t\t\t\t\t\t\t<\/div>\n\t\t\t\t<\/div>\n\t\t\t\t\t<\/div>\n\t\t<\/div>\n\t\t\t\t<div class=\"elementor-column elementor-col-50 elementor-inner-column elementor-element elementor-element-b36cd77\" data-id=\"b36cd77\" data-element_type=\"column\" data-e-type=\"column\">\n\t\t\t<div class=\"elementor-widget-wrap elementor-element-populated\">\n\t\t\t\t\t\t<div class=\"elementor-element elementor-element-32df89b elementor-widget elementor-widget-heading\" data-id=\"32df89b\" data-element_type=\"widget\" data-e-type=\"widget\" data-widget_type=\"heading.default\">\n\t\t\t\t<div class=\"elementor-widget-container\">\n\t\t\t\t\t<h5 class=\"elementor-heading-title elementor-size-default\">Ens escrivim? gaireb\u00e9 igual que com fa 2.000 anys...<\/h5>\t\t\t\t<\/div>\n\t\t\t\t<\/div>\n\t\t\t\t<div class=\"elementor-element elementor-element-453d9d1 elementor-widget elementor-widget-text-editor\" data-id=\"453d9d1\" data-element_type=\"widget\" data-e-type=\"widget\" data-widget_type=\"text-editor.default\">\n\t\t\t\t<div class=\"elementor-widget-container\">\n\t\t\t\t\t\t\t\t\t<p>Sip, som fans del feedback i les idees disruptives. Aqu\u00ed tens un formulari, com els de tota la vida, per si aquesta \u00e9s la via de comunicaci\u00f3 preferida per a tu. <strong>Et respondrem en un tres i no res!<\/strong><\/p>\n\t\t\t\t\t\t\t\t<\/div>\n\t\t\t\t<\/div>\n\t\t\t\t<div class=\"elementor-element elementor-element-c549cc0 elementor-widget-divider--view-line elementor-widget elementor-widget-divider\" data-id=\"c549cc0\" data-element_type=\"widget\" data-e-type=\"widget\" data-widget_type=\"divider.default\">\n\t\t\t\t<div class=\"elementor-widget-container\">\n\t\t\t\t\t\t\t<div class=\"elementor-divider\">\n\t\t\t<span class=\"elementor-divider-separator\">\n\t\t\t\t\t\t<\/span>\n\t\t<\/div>\n\t\t\t\t\t\t<\/div>\n\t\t\t\t<\/div>\n\t\t\t\t<div class=\"elementor-element elementor-element-01e45ba elementor-widget elementor-widget-text-editor\" data-id=\"01e45ba\" data-element_type=\"widget\" data-e-type=\"widget\" data-widget_type=\"text-editor.default\">\n\t\t\t\t<div class=\"elementor-widget-container\">\n\t\t\t\t\t\t\t\t\t\n<div class=\"wpcf7 no-js\" id=\"wpcf7-f8580-o1\" lang=\"ca\" dir=\"ltr\" data-wpcf7-id=\"8580\">\n<div class=\"screen-reader-response\"><p role=\"status\" aria-live=\"polite\" aria-atomic=\"true\"><\/p> <ul><\/ul><\/div>\n<form action=\"\/ca\/wp-json\/wp\/v2\/pages\/8124#wpcf7-f8580-o1\" method=\"post\" class=\"wpcf7-form init\" aria-label=\"Formulari de contacte\" novalidate=\"novalidate\" data-status=\"init\">\n<fieldset class=\"hidden-fields-container\"><input type=\"hidden\" name=\"_wpcf7\" value=\"8580\" \/><input type=\"hidden\" name=\"_wpcf7_version\" value=\"6.1.5\" \/><input type=\"hidden\" name=\"_wpcf7_locale\" value=\"ca\" \/><input type=\"hidden\" name=\"_wpcf7_unit_tag\" value=\"wpcf7-f8580-o1\" \/><input type=\"hidden\" name=\"_wpcf7_container_post\" value=\"0\" \/><input type=\"hidden\" name=\"_wpcf7_posted_data_hash\" value=\"\" \/>\n<\/fieldset>\n<div class=\"form-eagora\">\n\t<div class=\"field-form left-field\">\n\t\t<p><span class=\"wpcf7-form-control-wrap\" data-name=\"nom\"><input size=\"40\" maxlength=\"400\" class=\"wpcf7-form-control wpcf7-text wpcf7-validates-as-required\" aria-required=\"true\" aria-invalid=\"false\" placeholder=\"Nom*\" value=\"\" type=\"text\" name=\"nom\" \/><\/span>\n\t\t<\/p>\n\t<\/div>\n\t<div class=\"field-form right-field\">\n\t\t<p><span class=\"wpcf7-form-control-wrap\" data-name=\"cognom\"><input size=\"40\" maxlength=\"400\" class=\"wpcf7-form-control wpcf7-text wpcf7-validates-as-required\" aria-required=\"true\" aria-invalid=\"false\" placeholder=\"Cognom*\" value=\"\" type=\"text\" name=\"cognom\" \/><\/span>\n\t\t<\/p>\n\t<\/div>\n\t<div class=\"field-form left-field\">\n\t\t<p><span class=\"wpcf7-form-control-wrap\" data-name=\"email\"><input size=\"40\" maxlength=\"400\" class=\"wpcf7-form-control wpcf7-email wpcf7-validates-as-required wpcf7-text wpcf7-validates-as-email\" aria-required=\"true\" aria-invalid=\"false\" placeholder=\"Email*\" value=\"\" type=\"email\" name=\"email\" \/><\/span>\n\t\t<\/p>\n\t<\/div>\n\t<div class=\"field-form right-field\">\n\t\t<p><span class=\"wpcf7-form-control-wrap\" data-name=\"telefon\"><input size=\"40\" maxlength=\"400\" class=\"wpcf7-form-control wpcf7-tel wpcf7-validates-as-required wpcf7-text wpcf7-validates-as-tel\" aria-required=\"true\" aria-invalid=\"false\" placeholder=\"Tel\u00e8fon*\" value=\"\" type=\"tel\" name=\"telefon\" \/><\/span>\n\t\t<\/p>\n\t<\/div>\n\t<div class=\"field-form left-field\">\n\t\t<p><span class=\"wpcf7-form-control-wrap\" data-name=\"pais\"><input size=\"40\" maxlength=\"400\" class=\"wpcf7-form-control wpcf7-text\" aria-invalid=\"false\" placeholder=\"Pa\u00eds\" value=\"\" type=\"text\" name=\"pais\" \/><\/span>\n\t\t<\/p>\n\t<\/div>\n\t<div class=\"field-form right-field\">\n\t\t<p><span class=\"wpcf7-form-control-wrap\" data-name=\"localitat\"><input size=\"40\" maxlength=\"400\" class=\"wpcf7-form-control wpcf7-text wpcf7-validates-as-required\" aria-required=\"true\" aria-invalid=\"false\" placeholder=\"Localitat*\" value=\"\" type=\"text\" name=\"localitat\" \/><\/span>\n\t\t<\/p>\n\t<\/div>\n\t<div class=\"field-form textarea-field\">\n\t\t<p><span class=\"wpcf7-form-control-wrap\" data-name=\"mensaje\"><textarea cols=\"40\" rows=\"10\" maxlength=\"2000\" class=\"wpcf7-form-control wpcf7-textarea\" aria-invalid=\"false\" placeholder=\"Missatge\" name=\"mensaje\"><\/textarea><\/span>\n\t\t<\/p>\n\t<\/div>\n<input class=\"wpcf7-form-control wpcf7-hidden\" value=\"es\" type=\"hidden\" name=\"language\" \/>\n\t<div class=\"legal-field\">\n\t\t<p><span class=\"wpcf7-form-control-wrap\" data-name=\"legal\"><span class=\"wpcf7-form-control wpcf7-acceptance\"><span class=\"wpcf7-list-item\"><label><input type=\"checkbox\" name=\"legal\" value=\"1\" aria-invalid=\"false\" \/><span class=\"wpcf7-list-item-label\">He llegit i accepto l&#8217;<a href=\"https:\/\/eagora.app\/condiciones-de-uso\/\" target=\"_blank\">Av\u00eds Legal<\/a> i la <a href=\"https:\/\/eagora.app\/politica-de-privacidad\/\" target=\"_blank\">Pol\u00edtica de Privacitat<\/a><\/span><\/label><\/span><\/span><\/span>\n\t\t<\/p>\n\t<\/div>\n<input class=\"wpcf7-form-control wpcf7-hidden\" value=\"Espa\u00f1ol\" type=\"hidden\" name=\"language\" \/>\n\t<div class=\"submit-field\">\n\t\t<p><input class=\"wpcf7-form-control wpcf7-submit has-spinner\" type=\"submit\" value=\"Enviar\" \/>\n\t\t<\/p>\n\t<\/div>\n<\/div><p style=\"display: none !important;\" class=\"akismet-fields-container\" data-prefix=\"_wpcf7_ak_\"><label>&#916;<textarea name=\"_wpcf7_ak_hp_textarea\" cols=\"45\" rows=\"8\" maxlength=\"100\"><\/textarea><\/label><input type=\"hidden\" id=\"ak_js_1\" name=\"_wpcf7_ak_js\" value=\"150\"\/><script>document.getElementById( \"ak_js_1\" ).setAttribute( \"value\", ( new Date() ).getTime() );<\/script><\/p><div class=\"wpcf7-response-output\" aria-hidden=\"true\"><\/div>\n<\/form>\n<\/div>\n\n\t\t\t\t\t\t\t\t<\/div>\n\t\t\t\t<\/div>\n\t\t\t\t\t<\/div>\n\t\t<\/div>\n\t\t\t\t\t<\/div>\n\t\t<\/section>\n\t\t\t\t\t<\/div>\n\t\t<\/div>\n\t\t\t\t\t<\/div>\n\t\t<\/section>\n\t\t\t\t<\/div>\n\t\t","protected":false},"excerpt":{"rendered":"<p>Contacte Tots els camins condueixen a Roma? Pot ser&#8230;Per\u00f2 som m\u00e9s d&#8217;Atenes \ud83d\ude09 i la nostra \u00c0gora est\u00e0 oberta 24\/7 per a tu. Tria el teu canal preferit per a iniciar el di\u00e0leg. Vies de comunicaci\u00f3 Som com molt virtuals, per\u00f2 s\u00ed, tenim la nostra pr\u00f2pia \u00c0gora: Edifici Tecnoparc &#8211; RedessaAv. de Bellissens 4243204 Reus [&hellip;]<\/p>\n","protected":false},"author":1,"featured_media":0,"parent":0,"menu_order":0,"comment_status":"closed","ping_status":"closed","template":"","meta":{"content-type":"","_joinchat":[],"footnotes":""},"class_list":["post-8124","page","type-page","status-publish","hentry"],"yoast_head":"<!-- This site is optimized with the Yoast SEO Premium plugin v27.0 (Yoast SEO v27.0) - https:\/\/yoast.com\/product\/yoast-seo-premium-wordpress\/ -->\n<title>Contacte - eAgora<\/title>\n<meta name=\"robots\" content=\"index, follow, max-snippet:-1, max-image-preview:large, max-video-preview:-1\" \/>\n<link rel=\"canonical\" href=\"https:\/\/www.eagora.app\/ca\/contacte\/\" \/>\n<meta property=\"og:locale\" content=\"ca_ES\" \/>\n<meta property=\"og:type\" content=\"article\" \/>\n<meta property=\"og:title\" content=\"Contacte\" \/>\n<meta property=\"og:description\" content=\"Contacte Tots els camins condueixen a Roma? Pot ser&#8230;Per\u00f2 som m\u00e9s d&#8217;Atenes \ud83d\ude09 i la nostra \u00c0gora est\u00e0 oberta 24\/7 per a tu. Tria el teu canal preferit per a iniciar el di\u00e0leg. Vies de comunicaci\u00f3 Som com molt virtuals, per\u00f2 s\u00ed, tenim la nostra pr\u00f2pia \u00c0gora: Edifici Tecnoparc &#8211; RedessaAv. de Bellissens 4243204 Reus [&hellip;]\" \/>\n<meta property=\"og:url\" content=\"https:\/\/www.eagora.app\/ca\/contacte\/\" \/>\n<meta property=\"og:site_name\" content=\"eAgora\" \/>\n<meta property=\"article:publisher\" content=\"https:\/\/www.facebook.com\/eAgoraApp\" \/>\n<meta property=\"article:modified_time\" content=\"2023-02-09T10:09:22+00:00\" \/>\n<meta name=\"twitter:card\" content=\"summary_large_image\" \/>\n<meta name=\"twitter:site\" content=\"@EagoraApp\" \/>\n<meta name=\"twitter:label1\" content=\"Temps estimat de lectura\" \/>\n\t<meta name=\"twitter:data1\" content=\"1 minut\" \/>\n<script type=\"application\/ld+json\" class=\"yoast-schema-graph\">{\"@context\":\"https:\/\/schema.org\",\"@graph\":[{\"@type\":\"WebPage\",\"@id\":\"https:\/\/www.eagora.app\/ca\/contacte\/\",\"url\":\"https:\/\/www.eagora.app\/ca\/contacte\/\",\"name\":\"Contacte - eAgora\",\"isPartOf\":{\"@id\":\"https:\/\/www.eagora.app\/ca\/#website\"},\"datePublished\":\"2023-01-03T06:39:56+00:00\",\"dateModified\":\"2023-02-09T10:09:22+00:00\",\"breadcrumb\":{\"@id\":\"https:\/\/www.eagora.app\/ca\/contacte\/#breadcrumb\"},\"inLanguage\":\"ca\",\"potentialAction\":[{\"@type\":\"ReadAction\",\"target\":[\"https:\/\/www.eagora.app\/ca\/contacte\/\"]}]},{\"@type\":\"BreadcrumbList\",\"@id\":\"https:\/\/www.eagora.app\/ca\/contacte\/#breadcrumb\",\"itemListElement\":[{\"@type\":\"ListItem\",\"position\":1,\"name\":\"Inicio\",\"item\":\"https:\/\/www.eagora.app\/ca\/\"},{\"@type\":\"ListItem\",\"position\":2,\"name\":\"Contacte\"}]},{\"@type\":\"WebSite\",\"@id\":\"https:\/\/www.eagora.app\/ca\/#website\",\"url\":\"https:\/\/www.eagora.app\/ca\/\",\"name\":\"eAgora\",\"description\":\"La plataforma que nos conecta\",\"publisher\":{\"@id\":\"https:\/\/www.eagora.app\/ca\/#organization\"},\"potentialAction\":[{\"@type\":\"SearchAction\",\"target\":{\"@type\":\"EntryPoint\",\"urlTemplate\":\"https:\/\/www.eagora.app\/ca\/?s={search_term_string}\"},\"query-input\":{\"@type\":\"PropertyValueSpecification\",\"valueRequired\":true,\"valueName\":\"search_term_string\"}}],\"inLanguage\":\"ca\"},{\"@type\":\"Organization\",\"@id\":\"https:\/\/www.eagora.app\/ca\/#organization\",\"name\":\"eAgora\",\"url\":\"https:\/\/www.eagora.app\/ca\/\",\"logo\":{\"@type\":\"ImageObject\",\"inLanguage\":\"ca\",\"@id\":\"https:\/\/www.eagora.app\/ca\/#\/schema\/logo\/image\/\",\"url\":\"https:\/\/www.eagora.app\/wp-content\/uploads\/2023\/02\/logo-eagora-emails.jpg\",\"contentUrl\":\"https:\/\/www.eagora.app\/wp-content\/uploads\/2023\/02\/logo-eagora-emails.jpg\",\"width\":550,\"height\":146,\"caption\":\"eAgora\"},\"image\":{\"@id\":\"https:\/\/www.eagora.app\/ca\/#\/schema\/logo\/image\/\"},\"sameAs\":[\"https:\/\/www.facebook.com\/eAgoraApp\",\"https:\/\/x.com\/EagoraApp\",\"https:\/\/www.instagram.com\/eagora.app\/\",\"https:\/\/www.linkedin.com\/company\/eagora\",\"https:\/\/www.youtube.com\/@eAgoraApp\"]}]}<\/script>\n<!-- \/ Yoast SEO Premium plugin. -->","yoast_head_json":{"title":"Contacte - eAgora","robots":{"index":"index","follow":"follow","max-snippet":"max-snippet:-1","max-image-preview":"max-image-preview:large","max-video-preview":"max-video-preview:-1"},"canonical":"https:\/\/www.eagora.app\/ca\/contacte\/","og_locale":"ca_ES","og_type":"article","og_title":"Contacte","og_description":"Contacte Tots els camins condueixen a Roma? Pot ser&#8230;Per\u00f2 som m\u00e9s d&#8217;Atenes \ud83d\ude09 i la nostra \u00c0gora est\u00e0 oberta 24\/7 per a tu. Tria el teu canal preferit per a iniciar el di\u00e0leg. Vies de comunicaci\u00f3 Som com molt virtuals, per\u00f2 s\u00ed, tenim la nostra pr\u00f2pia \u00c0gora: Edifici Tecnoparc &#8211; RedessaAv. de Bellissens 4243204 Reus [&hellip;]","og_url":"https:\/\/www.eagora.app\/ca\/contacte\/","og_site_name":"eAgora","article_publisher":"https:\/\/www.facebook.com\/eAgoraApp","article_modified_time":"2023-02-09T10:09:22+00:00","twitter_card":"summary_large_image","twitter_site":"@EagoraApp","twitter_misc":{"Temps estimat de lectura":"1 minut"},"schema":{"@context":"https:\/\/schema.org","@graph":[{"@type":"WebPage","@id":"https:\/\/www.eagora.app\/ca\/contacte\/","url":"https:\/\/www.eagora.app\/ca\/contacte\/","name":"Contacte - eAgora","isPartOf":{"@id":"https:\/\/www.eagora.app\/ca\/#website"},"datePublished":"2023-01-03T06:39:56+00:00","dateModified":"2023-02-09T10:09:22+00:00","breadcrumb":{"@id":"https:\/\/www.eagora.app\/ca\/contacte\/#breadcrumb"},"inLanguage":"ca","potentialAction":[{"@type":"ReadAction","target":["https:\/\/www.eagora.app\/ca\/contacte\/"]}]},{"@type":"BreadcrumbList","@id":"https:\/\/www.eagora.app\/ca\/contacte\/#breadcrumb","itemListElement":[{"@type":"ListItem","position":1,"name":"Inicio","item":"https:\/\/www.eagora.app\/ca\/"},{"@type":"ListItem","position":2,"name":"Contacte"}]},{"@type":"WebSite","@id":"https:\/\/www.eagora.app\/ca\/#website","url":"https:\/\/www.eagora.app\/ca\/","name":"eAgora","description":"La plataforma que nos conecta","publisher":{"@id":"https:\/\/www.eagora.app\/ca\/#organization"},"potentialAction":[{"@type":"SearchAction","target":{"@type":"EntryPoint","urlTemplate":"https:\/\/www.eagora.app\/ca\/?s={search_term_string}"},"query-input":{"@type":"PropertyValueSpecification","valueRequired":true,"valueName":"search_term_string"}}],"inLanguage":"ca"},{"@type":"Organization","@id":"https:\/\/www.eagora.app\/ca\/#organization","name":"eAgora","url":"https:\/\/www.eagora.app\/ca\/","logo":{"@type":"ImageObject","inLanguage":"ca","@id":"https:\/\/www.eagora.app\/ca\/#\/schema\/logo\/image\/","url":"https:\/\/www.eagora.app\/wp-content\/uploads\/2023\/02\/logo-eagora-emails.jpg","contentUrl":"https:\/\/www.eagora.app\/wp-content\/uploads\/2023\/02\/logo-eagora-emails.jpg","width":550,"height":146,"caption":"eAgora"},"image":{"@id":"https:\/\/www.eagora.app\/ca\/#\/schema\/logo\/image\/"},"sameAs":["https:\/\/www.facebook.com\/eAgoraApp","https:\/\/x.com\/EagoraApp","https:\/\/www.instagram.com\/eagora.app\/","https:\/\/www.linkedin.com\/company\/eagora","https:\/\/www.youtube.com\/@eAgoraApp"]}]}},"jetpack_sharing_enabled":true,"_links":{"self":[{"href":"https:\/\/www.eagora.app\/ca\/wp-json\/wp\/v2\/pages\/8124","targetHints":{"allow":["GET"]}}],"collection":[{"href":"https:\/\/www.eagora.app\/ca\/wp-json\/wp\/v2\/pages"}],"about":[{"href":"https:\/\/www.eagora.app\/ca\/wp-json\/wp\/v2\/types\/page"}],"author":[{"embeddable":true,"href":"https:\/\/www.eagora.app\/ca\/wp-json\/wp\/v2\/users\/1"}],"replies":[{"embeddable":true,"href":"https:\/\/www.eagora.app\/ca\/wp-json\/wp\/v2\/comments?post=8124"}],"version-history":[{"count":0,"href":"https:\/\/www.eagora.app\/ca\/wp-json\/wp\/v2\/pages\/8124\/revisions"}],"wp:attachment":[{"href":"https:\/\/www.eagora.app\/ca\/wp-json\/wp\/v2\/media?parent=8124"}],"curies":[{"name":"wp","href":"https:\/\/api.w.org\/{rel}","templated":true}]}}