{"id":7647,"date":"2023-01-03T08:39:56","date_gmt":"2023-01-03T06:39:56","guid":{"rendered":"https:\/\/v2.eagora.app\/confirmacio-sollicitud-demo-pla-custom\/"},"modified":"2024-09-24T16:47:51","modified_gmt":"2024-09-24T14:47:51","slug":"confirmacio-sollicitud-demo-pla-custom","status":"publish","type":"page","link":"https:\/\/www.eagora.app\/ca\/confirmacio-sollicitud-demo-pla-custom\/","title":{"rendered":"Confirmaci\u00f3 sol\u00b7licitud Demo Pla Custom"},"content":{"rendered":"\t\t<div data-elementor-type=\"wp-page\" data-elementor-id=\"7647\" class=\"elementor elementor-7647 elementor-7593\" data-elementor-post-type=\"page\">\n\t\t\t\t\t\t<section class=\"elementor-section elementor-top-section elementor-element elementor-element-bcc03c5 elementor-section-full_width elementor-section-height-default elementor-section-height-default\" data-id=\"bcc03c5\" data-element_type=\"section\" data-e-type=\"section\" data-settings=\"{&quot;background_background&quot;:&quot;classic&quot;}\">\n\t\t\t\t\t\t<div class=\"elementor-container elementor-column-gap-default\">\n\t\t\t\t\t<div class=\"elementor-column elementor-col-100 elementor-top-column elementor-element elementor-element-c7a3938\" data-id=\"c7a3938\" data-element_type=\"column\" data-e-type=\"column\">\n\t\t\t<div class=\"elementor-widget-wrap elementor-element-populated\">\n\t\t\t\t\t\t<div class=\"elementor-element elementor-element-3ad4d8c elementor-widget elementor-widget-heading\" data-id=\"3ad4d8c\" data-element_type=\"widget\" data-e-type=\"widget\" data-widget_type=\"heading.default\">\n\t\t\t\t<div class=\"elementor-widget-container\">\n\t\t\t\t\t<h2 class=\"elementor-heading-title elementor-size-default\">Gr\u00e0cies!<\/h2>\t\t\t\t<\/div>\n\t\t\t\t<\/div>\n\t\t\t\t<div class=\"elementor-element elementor-element-f85544b elementor-widget elementor-widget-text-editor\" data-id=\"f85544b\" data-element_type=\"widget\" data-e-type=\"widget\" data-widget_type=\"text-editor.default\">\n\t\t\t\t<div class=\"elementor-widget-container\">\n\t\t\t\t\t\t\t\t\t<p>Tot ha anat d&#8217;all\u00f2 m\u00e9s b\u00e9<\/p>\n\t\t\t\t\t\t\t\t<\/div>\n\t\t\t\t<\/div>\n\t\t\t\t\t<\/div>\n\t\t<\/div>\n\t\t\t\t\t<\/div>\n\t\t<\/section>\n\t\t\t\t<section class=\"elementor-section elementor-top-section elementor-element elementor-element-9398ca1 elementor-section-boxed elementor-section-height-default elementor-section-height-default\" data-id=\"9398ca1\" data-element_type=\"section\" data-e-type=\"section\">\n\t\t\t\t\t\t<div class=\"elementor-container elementor-column-gap-default\">\n\t\t\t\t\t<div class=\"elementor-column elementor-col-100 elementor-top-column elementor-element elementor-element-050d3e2\" data-id=\"050d3e2\" data-element_type=\"column\" data-e-type=\"column\">\n\t\t\t<div class=\"elementor-widget-wrap elementor-element-populated\">\n\t\t\t\t\t\t<div class=\"elementor-element elementor-element-98dce8d elementor-widget elementor-widget-breadcrumbs\" data-id=\"98dce8d\" data-element_type=\"widget\" data-e-type=\"widget\" data-widget_type=\"breadcrumbs.default\">\n\t\t\t\t<div class=\"elementor-widget-container\">\n\t\t\t\t\t<p id=\"breadcrumbs\"><span><span><a href=\"https:\/\/www.eagora.app\/ca\/\">Inicio<\/a><\/span><\/span><\/p>\t\t\t\t<\/div>\n\t\t\t\t<\/div>\n\t\t\t\t\t<\/div>\n\t\t<\/div>\n\t\t\t\t\t<\/div>\n\t\t<\/section>\n\t\t\t\t<section class=\"elementor-section elementor-top-section elementor-element elementor-element-2ebbcba elementor-section-boxed elementor-section-height-default elementor-section-height-default\" data-id=\"2ebbcba\" data-element_type=\"section\" data-e-type=\"section\">\n\t\t\t\t\t\t<div class=\"elementor-container elementor-column-gap-default\">\n\t\t\t\t\t<div class=\"elementor-column elementor-col-100 elementor-top-column elementor-element elementor-element-748b5ce\" data-id=\"748b5ce\" data-element_type=\"column\" data-e-type=\"column\">\n\t\t\t<div class=\"elementor-widget-wrap elementor-element-populated\">\n\t\t\t\t\t\t<div class=\"elementor-element elementor-element-bdb1c09 elementor-widget elementor-widget-image\" data-id=\"bdb1c09\" data-element_type=\"widget\" data-e-type=\"widget\" data-widget_type=\"image.default\">\n\t\t\t\t<div class=\"elementor-widget-container\">\n\t\t\t\t\t\t\t\t\t\t\t\t\t\t\t<img fetchpriority=\"high\" decoding=\"async\" width=\"512\" height=\"512\" src=\"https:\/\/www.eagora.app\/wp-content\/uploads\/2023\/01\/icono-agora-creada-email.svg\" class=\"attachment-large size-large wp-image-6945\" alt=\"\" \/>\t\t\t\t\t\t\t\t\t\t\t\t\t\t\t<\/div>\n\t\t\t\t<\/div>\n\t\t\t\t<div class=\"elementor-element elementor-element-e116d9c elementor-widget elementor-widget-heading\" data-id=\"e116d9c\" data-element_type=\"widget\" data-e-type=\"widget\" data-widget_type=\"heading.default\">\n\t\t\t\t<div class=\"elementor-widget-container\">\n\t\t\t\t\t<h6 class=\"elementor-heading-title elementor-size-default\">Quina il\u00b7lusi\u00f3 rebre el teu missatge!<\/h6>\t\t\t\t<\/div>\n\t\t\t\t<\/div>\n\t\t\t\t<div class=\"elementor-element elementor-element-464b083 elementor-widget elementor-widget-heading\" data-id=\"464b083\" data-element_type=\"widget\" data-e-type=\"widget\" data-widget_type=\"heading.default\">\n\t\t\t\t<div class=\"elementor-widget-container\">\n\t\t\t\t\t<h2 class=\"elementor-heading-title elementor-size-default\">Et respondrem en un tres i no res<\/h2>\t\t\t\t<\/div>\n\t\t\t\t<\/div>\n\t\t\t\t<div class=\"elementor-element elementor-element-d6185c5 elementor-widget elementor-widget-text-editor\" data-id=\"d6185c5\" data-element_type=\"widget\" data-e-type=\"widget\" data-widget_type=\"text-editor.default\">\n\t\t\t\t<div class=\"elementor-widget-container\">\n\t\t\t\t\t\t\t\t\t<p>Mentre et llegim i preparem la teva resposta, pots continuar navegant per eAgora \ud83d\ude09<\/p>\n\t\t\t\t\t\t\t\t<\/div>\n\t\t\t\t<\/div>\n\t\t\t\t<div class=\"elementor-element elementor-element-ae62a9f elementor-align-center elementor-widget elementor-widget-button\" data-id=\"ae62a9f\" data-element_type=\"widget\" data-e-type=\"widget\" data-widget_type=\"button.default\">\n\t\t\t\t<div class=\"elementor-widget-container\">\n\t\t\t\t\t\t\t\t\t<div class=\"elementor-button-wrapper\">\n\t\t\t\t\t<a class=\"elementor-button elementor-button-link elementor-size-sm\" href=\"https:\/\/www.eagora.app\/ca\/\">\n\t\t\t\t\t\t<span class=\"elementor-button-content-wrapper\">\n\t\t\t\t\t\t\t\t\t<span class=\"elementor-button-text\">Anar a l'inici<\/span>\n\t\t\t\t\t<\/span>\n\t\t\t\t\t<\/a>\n\t\t\t\t<\/div>\n\t\t\t\t\t\t\t\t<\/div>\n\t\t\t\t<\/div>\n\t\t\t\t\t<\/div>\n\t\t<\/div>\n\t\t\t\t\t<\/div>\n\t\t<\/section>\n\t\t\t\t<\/div>\n\t\t","protected":false},"excerpt":{"rendered":"<p>Gr\u00e0cies! Tot ha anat d&#8217;all\u00f2 m\u00e9s b\u00e9 Quina il\u00b7lusi\u00f3 rebre el teu missatge! Et respondrem en un tres i no res Mentre et llegim i preparem la teva resposta, pots continuar navegant per eAgora \ud83d\ude09 Anar a l&#8217;inici<\/p>\n","protected":false},"author":1,"featured_media":0,"parent":0,"menu_order":0,"comment_status":"closed","ping_status":"closed","template":"","meta":{"content-type":"","_joinchat":[],"footnotes":""},"class_list":["post-7647","page","type-page","status-publish","hentry"],"yoast_head":"<!-- This site is optimized with the Yoast SEO Premium plugin v27.0 (Yoast SEO v27.0) - https:\/\/yoast.com\/product\/yoast-seo-premium-wordpress\/ -->\n<title>Confirmaci\u00f3 sol\u00b7licitud Demo Pla Custom - eAgora<\/title>\n<meta name=\"robots\" content=\"index, nofollow, max-snippet:-1, max-image-preview:large, max-video-preview:-1\" \/>\n<link rel=\"canonical\" href=\"https:\/\/www.eagora.app\/ca\/confirmacio-sollicitud-demo-pla-custom\/\" \/>\n<meta property=\"og:locale\" content=\"ca_ES\" \/>\n<meta property=\"og:type\" content=\"article\" \/>\n<meta property=\"og:title\" content=\"Confirmaci\u00f3 sol\u00b7licitud Demo Pla Custom\" \/>\n<meta property=\"og:description\" content=\"Gr\u00e0cies! Tot ha anat d&#8217;all\u00f2 m\u00e9s b\u00e9 Quina il\u00b7lusi\u00f3 rebre el teu missatge! Et respondrem en un tres i no res Mentre et llegim i preparem la teva resposta, pots continuar navegant per eAgora \ud83d\ude09 Anar a l&#8217;inici\" \/>\n<meta property=\"og:url\" content=\"https:\/\/www.eagora.app\/ca\/confirmacio-sollicitud-demo-pla-custom\/\" \/>\n<meta property=\"og:site_name\" content=\"eAgora\" \/>\n<meta property=\"article:publisher\" content=\"https:\/\/www.facebook.com\/eAgoraApp\" \/>\n<meta property=\"article:modified_time\" content=\"2024-09-24T14:47:51+00:00\" \/>\n<meta property=\"og:image\" content=\"https:\/\/eagora.app\/wp-content\/uploads\/2023\/01\/icono-agora-creada-email.svg\" \/>\n<meta name=\"twitter:card\" content=\"summary_large_image\" \/>\n<meta name=\"twitter:site\" content=\"@EagoraApp\" \/>\n<meta name=\"twitter:label1\" content=\"Temps estimat de lectura\" \/>\n\t<meta name=\"twitter:data1\" content=\"1 minut\" \/>\n<script type=\"application\/ld+json\" class=\"yoast-schema-graph\">{\"@context\":\"https:\/\/schema.org\",\"@graph\":[{\"@type\":\"WebPage\",\"@id\":\"https:\/\/www.eagora.app\/ca\/confirmacio-sollicitud-demo-pla-custom\/\",\"url\":\"https:\/\/www.eagora.app\/ca\/confirmacio-sollicitud-demo-pla-custom\/\",\"name\":\"Confirmaci\u00f3 sol\u00b7licitud Demo Pla Custom - eAgora\",\"isPartOf\":{\"@id\":\"https:\/\/www.eagora.app\/ca\/#website\"},\"primaryImageOfPage\":{\"@id\":\"https:\/\/www.eagora.app\/ca\/confirmacio-sollicitud-demo-pla-custom\/#primaryimage\"},\"image\":{\"@id\":\"https:\/\/www.eagora.app\/ca\/confirmacio-sollicitud-demo-pla-custom\/#primaryimage\"},\"thumbnailUrl\":\"https:\/\/eagora.app\/wp-content\/uploads\/2023\/01\/icono-agora-creada-email.svg\",\"datePublished\":\"2023-01-03T06:39:56+00:00\",\"dateModified\":\"2024-09-24T14:47:51+00:00\",\"breadcrumb\":{\"@id\":\"https:\/\/www.eagora.app\/ca\/confirmacio-sollicitud-demo-pla-custom\/#breadcrumb\"},\"inLanguage\":\"ca\",\"potentialAction\":[{\"@type\":\"ReadAction\",\"target\":[\"https:\/\/www.eagora.app\/ca\/confirmacio-sollicitud-demo-pla-custom\/\"]}]},{\"@type\":\"ImageObject\",\"inLanguage\":\"ca\",\"@id\":\"https:\/\/www.eagora.app\/ca\/confirmacio-sollicitud-demo-pla-custom\/#primaryimage\",\"url\":\"https:\/\/eagora.app\/wp-content\/uploads\/2023\/01\/icono-agora-creada-email.svg\",\"contentUrl\":\"https:\/\/eagora.app\/wp-content\/uploads\/2023\/01\/icono-agora-creada-email.svg\"},{\"@type\":\"BreadcrumbList\",\"@id\":\"https:\/\/www.eagora.app\/ca\/confirmacio-sollicitud-demo-pla-custom\/#breadcrumb\",\"itemListElement\":[{\"@type\":\"ListItem\",\"position\":1,\"name\":\"Inicio\",\"item\":\"https:\/\/www.eagora.app\/ca\/\"},{\"@type\":\"ListItem\",\"position\":2,\"name\":\"Confirmaci\u00f3 sol\u00b7licitud Demo Pla Custom\"}]},{\"@type\":\"WebSite\",\"@id\":\"https:\/\/www.eagora.app\/ca\/#website\",\"url\":\"https:\/\/www.eagora.app\/ca\/\",\"name\":\"eAgora\",\"description\":\"La plataforma que nos conecta\",\"publisher\":{\"@id\":\"https:\/\/www.eagora.app\/ca\/#organization\"},\"potentialAction\":[{\"@type\":\"SearchAction\",\"target\":{\"@type\":\"EntryPoint\",\"urlTemplate\":\"https:\/\/www.eagora.app\/ca\/?s={search_term_string}\"},\"query-input\":{\"@type\":\"PropertyValueSpecification\",\"valueRequired\":true,\"valueName\":\"search_term_string\"}}],\"inLanguage\":\"ca\"},{\"@type\":\"Organization\",\"@id\":\"https:\/\/www.eagora.app\/ca\/#organization\",\"name\":\"eAgora\",\"url\":\"https:\/\/www.eagora.app\/ca\/\",\"logo\":{\"@type\":\"ImageObject\",\"inLanguage\":\"ca\",\"@id\":\"https:\/\/www.eagora.app\/ca\/#\/schema\/logo\/image\/\",\"url\":\"https:\/\/www.eagora.app\/wp-content\/uploads\/2023\/02\/logo-eagora-emails.jpg\",\"contentUrl\":\"https:\/\/www.eagora.app\/wp-content\/uploads\/2023\/02\/logo-eagora-emails.jpg\",\"width\":550,\"height\":146,\"caption\":\"eAgora\"},\"image\":{\"@id\":\"https:\/\/www.eagora.app\/ca\/#\/schema\/logo\/image\/\"},\"sameAs\":[\"https:\/\/www.facebook.com\/eAgoraApp\",\"https:\/\/x.com\/EagoraApp\",\"https:\/\/www.instagram.com\/eagora.app\/\",\"https:\/\/www.linkedin.com\/company\/eagora\",\"https:\/\/www.youtube.com\/@eAgoraApp\"]}]}<\/script>\n<!-- \/ Yoast SEO Premium plugin. -->","yoast_head_json":{"title":"Confirmaci\u00f3 sol\u00b7licitud Demo Pla Custom - eAgora","robots":{"index":"index","follow":"nofollow","max-snippet":"max-snippet:-1","max-image-preview":"max-image-preview:large","max-video-preview":"max-video-preview:-1"},"canonical":"https:\/\/www.eagora.app\/ca\/confirmacio-sollicitud-demo-pla-custom\/","og_locale":"ca_ES","og_type":"article","og_title":"Confirmaci\u00f3 sol\u00b7licitud Demo Pla Custom","og_description":"Gr\u00e0cies! Tot ha anat d&#8217;all\u00f2 m\u00e9s b\u00e9 Quina il\u00b7lusi\u00f3 rebre el teu missatge! Et respondrem en un tres i no res Mentre et llegim i preparem la teva resposta, pots continuar navegant per eAgora \ud83d\ude09 Anar a l&#8217;inici","og_url":"https:\/\/www.eagora.app\/ca\/confirmacio-sollicitud-demo-pla-custom\/","og_site_name":"eAgora","article_publisher":"https:\/\/www.facebook.com\/eAgoraApp","article_modified_time":"2024-09-24T14:47:51+00:00","og_image":[{"url":"https:\/\/eagora.app\/wp-content\/uploads\/2023\/01\/icono-agora-creada-email.svg","type":"","width":"","height":""}],"twitter_card":"summary_large_image","twitter_site":"@EagoraApp","twitter_misc":{"Temps estimat de lectura":"1 minut"},"schema":{"@context":"https:\/\/schema.org","@graph":[{"@type":"WebPage","@id":"https:\/\/www.eagora.app\/ca\/confirmacio-sollicitud-demo-pla-custom\/","url":"https:\/\/www.eagora.app\/ca\/confirmacio-sollicitud-demo-pla-custom\/","name":"Confirmaci\u00f3 sol\u00b7licitud Demo Pla Custom - eAgora","isPartOf":{"@id":"https:\/\/www.eagora.app\/ca\/#website"},"primaryImageOfPage":{"@id":"https:\/\/www.eagora.app\/ca\/confirmacio-sollicitud-demo-pla-custom\/#primaryimage"},"image":{"@id":"https:\/\/www.eagora.app\/ca\/confirmacio-sollicitud-demo-pla-custom\/#primaryimage"},"thumbnailUrl":"https:\/\/eagora.app\/wp-content\/uploads\/2023\/01\/icono-agora-creada-email.svg","datePublished":"2023-01-03T06:39:56+00:00","dateModified":"2024-09-24T14:47:51+00:00","breadcrumb":{"@id":"https:\/\/www.eagora.app\/ca\/confirmacio-sollicitud-demo-pla-custom\/#breadcrumb"},"inLanguage":"ca","potentialAction":[{"@type":"ReadAction","target":["https:\/\/www.eagora.app\/ca\/confirmacio-sollicitud-demo-pla-custom\/"]}]},{"@type":"ImageObject","inLanguage":"ca","@id":"https:\/\/www.eagora.app\/ca\/confirmacio-sollicitud-demo-pla-custom\/#primaryimage","url":"https:\/\/eagora.app\/wp-content\/uploads\/2023\/01\/icono-agora-creada-email.svg","contentUrl":"https:\/\/eagora.app\/wp-content\/uploads\/2023\/01\/icono-agora-creada-email.svg"},{"@type":"BreadcrumbList","@id":"https:\/\/www.eagora.app\/ca\/confirmacio-sollicitud-demo-pla-custom\/#breadcrumb","itemListElement":[{"@type":"ListItem","position":1,"name":"Inicio","item":"https:\/\/www.eagora.app\/ca\/"},{"@type":"ListItem","position":2,"name":"Confirmaci\u00f3 sol\u00b7licitud Demo Pla Custom"}]},{"@type":"WebSite","@id":"https:\/\/www.eagora.app\/ca\/#website","url":"https:\/\/www.eagora.app\/ca\/","name":"eAgora","description":"La plataforma que nos conecta","publisher":{"@id":"https:\/\/www.eagora.app\/ca\/#organization"},"potentialAction":[{"@type":"SearchAction","target":{"@type":"EntryPoint","urlTemplate":"https:\/\/www.eagora.app\/ca\/?s={search_term_string}"},"query-input":{"@type":"PropertyValueSpecification","valueRequired":true,"valueName":"search_term_string"}}],"inLanguage":"ca"},{"@type":"Organization","@id":"https:\/\/www.eagora.app\/ca\/#organization","name":"eAgora","url":"https:\/\/www.eagora.app\/ca\/","logo":{"@type":"ImageObject","inLanguage":"ca","@id":"https:\/\/www.eagora.app\/ca\/#\/schema\/logo\/image\/","url":"https:\/\/www.eagora.app\/wp-content\/uploads\/2023\/02\/logo-eagora-emails.jpg","contentUrl":"https:\/\/www.eagora.app\/wp-content\/uploads\/2023\/02\/logo-eagora-emails.jpg","width":550,"height":146,"caption":"eAgora"},"image":{"@id":"https:\/\/www.eagora.app\/ca\/#\/schema\/logo\/image\/"},"sameAs":["https:\/\/www.facebook.com\/eAgoraApp","https:\/\/x.com\/EagoraApp","https:\/\/www.instagram.com\/eagora.app\/","https:\/\/www.linkedin.com\/company\/eagora","https:\/\/www.youtube.com\/@eAgoraApp"]}]}},"jetpack_sharing_enabled":true,"_links":{"self":[{"href":"https:\/\/www.eagora.app\/ca\/wp-json\/wp\/v2\/pages\/7647","targetHints":{"allow":["GET"]}}],"collection":[{"href":"https:\/\/www.eagora.app\/ca\/wp-json\/wp\/v2\/pages"}],"about":[{"href":"https:\/\/www.eagora.app\/ca\/wp-json\/wp\/v2\/types\/page"}],"author":[{"embeddable":true,"href":"https:\/\/www.eagora.app\/ca\/wp-json\/wp\/v2\/users\/1"}],"replies":[{"embeddable":true,"href":"https:\/\/www.eagora.app\/ca\/wp-json\/wp\/v2\/comments?post=7647"}],"version-history":[{"count":2,"href":"https:\/\/www.eagora.app\/ca\/wp-json\/wp\/v2\/pages\/7647\/revisions"}],"predecessor-version":[{"id":39634,"href":"https:\/\/www.eagora.app\/ca\/wp-json\/wp\/v2\/pages\/7647\/revisions\/39634"}],"wp:attachment":[{"href":"https:\/\/www.eagora.app\/ca\/wp-json\/wp\/v2\/media?parent=7647"}],"curies":[{"name":"wp","href":"https:\/\/api.w.org\/{rel}","templated":true}]}}